{"id":38,"date":"2015-02-22T09:02:19","date_gmt":"2015-02-22T08:02:19","guid":{"rendered":"http:\/\/www.insport-ev.de\/?page_id=38"},"modified":"2017-12-15T09:38:04","modified_gmt":"2017-12-15T08:38:04","slug":"mitgliedschaft","status":"publish","type":"page","link":"https:\/\/www.insport-ev.de\/?page_id=38","title":{"rendered":"Mitgliedschaft"},"content":{"rendered":"<p>Wir sind Mitglied im Behinderten- und Versehrtensportverein Bayern. Unsere Mitglieder sind \u00fcber den BVS unfallversichert. Eine Anmeldung zu einer Sportveranstaltung kann nur in Verbindung mit einem Mitgliedsantrag abgegeben werden. Eine unverbindliche Schnupperstunde ist jederzeit m\u00f6glich. Die Teilnahme an den Sportstunden innerhalb der Arbeitszeit der Mainfr\u00e4nkische Werkst\u00e4tten ist weiterhin auch ohne Vereinsmitgliedschaft m\u00f6glich.<\/p>\n<p>&nbsp;<\/p>\n<h3 class=\"maintext\"><b>Mitgliedsbeitrag<\/b><\/h3>\n<p class=\"maintext\" align=\"left\">Mitgliedsbeitrag Was kostet die Mitgliedschaft?<\/p>\n<table cellspacing=\"0\" cellpadding=\"0\">\n<tbody>\n<tr>\n<td valign=\"top\"><\/td>\n<td>\n<p class=\"maintext\" align=\"left\">Werkstattbesch\u00e4ftigte der Mainfr\u00e4nkische Werkst\u00e4tten GmbH und Bewohner der Lebenshilfe Wohnst\u00e4tten GmbH Mainfranken:<br \/>\n<b>20,00 \u20ac Jahresbeitrag<\/b><\/p>\n<\/td>\n<\/tr>\n<tr>\n<td><\/td>\n<td><\/td>\n<\/tr>\n<tr>\n<td valign=\"top\"><\/td>\n<td>\n<p class=\"maintext\" align=\"left\">Erm\u00e4\u00dfigter Beitrag f\u00fcr Menschen mit Behinderung:<br \/>\n<b>30,00 \u20ac Jahresbeitrag<\/b><\/p>\n<\/td>\n<\/tr>\n<tr>\n<td><\/td>\n<td><\/td>\n<\/tr>\n<tr>\n<td valign=\"top\"><\/td>\n<td>\n<p class=\"maintext\" align=\"left\">Normaler Jahreseinzelbeitrag:<br \/>\n<b>60,00 \u20ac Jahresbeitrag<\/b><\/p>\n<\/td>\n<\/tr>\n<tr>\n<td><\/td>\n<td><\/td>\n<\/tr>\n<tr>\n<td valign=\"top\"><\/td>\n<td>\n<p class=\"maintext\" align=\"left\">Familienmitgliedschaft:<br \/>\n<b>120,00 \u20ac Jahresbeitrag<\/b><\/p>\n<\/td>\n<\/tr>\n<\/tbody>\n<\/table>\n<h3 class=\"maintext\"><b>Vorteile<\/b><\/h3>\n<p class=\"maintext\" align=\"left\"><b> Was bringt die Mitgliedschaft f\u00fcr Vorteile?<\/b><\/p>\n<p class=\"maintext\" align=\"left\">Gemeinsam Sport treiben macht viel mehr Spa\u00df als alleine!<br \/>\nSie sparen Eintrittsgelder f\u00fcr Schwimmbad, Kegelbahn oder Sporthalle.<br \/>\nSie sind \u00fcber den Sportverband Unfall versichert.<\/p>\n<h3 class=\"maintext\"><b>Service<\/b><\/h3>\n<p class=\"maintext\" align=\"left\"><b> Wie komme ich zur Sportstunde bzw. wieder nach Hause?<\/b><\/p>\n<p class=\"maintext\" align=\"left\">Selbstfahrer fahren mit \u00f6ffentlichen Verkehrsmitteln. Wir bitten Eltern, Familienangeh\u00f6rige und Freunde, ihre Werkstattmitarbeiter zu bef\u00f6rdern und ggf. auch in Fahrgemeinschaften andere Sportler mitzunehmen. Wenn dies nicht m\u00f6glich ist, organisiert der Sportverein InSport e.V. die Fahrt.<\/p>\n<h3 class=\"maintext\"><b>Anmeldung<\/b><\/h3>\n<p class=\"maintext\" align=\"left\"><b> Was muss ich tun?<\/b><\/p>\n<p class=\"maintext\" align=\"left\">Sie f\u00fcllen die beigef\u00fcgte Beitrittserkl\u00e4rung f\u00fcr den Sportverein und die Anmeldung f\u00fcr die gew\u00fcnschte Sportgruppe aus und geben ihn in der Werkstatt ab oder schicken ihn per Post an die angegebene Adresse.<\/p>\n","protected":false},"excerpt":{"rendered":"<p>Wir sind Mitglied im Behinderten- und Versehrtensportverein Bayern. Unsere Mitglieder sind \u00fcber den BVS unfallversichert. Eine Anmeldung zu einer Sportveranstaltung kann nur in Verbindung mit einem Mitgliedsantrag abgegeben werden. Eine unverbindliche Schnupperstunde ist jederzeit m\u00f6glich. Die Teilnahme an den Sportstunden innerhalb der Arbeitszeit der Mainfr\u00e4nkische Werkst\u00e4tten ist weiterhin auch ohne Vereinsmitgliedschaft m\u00f6glich. &nbsp; Mitgliedsbeitrag Mitgliedsbeitrag [&hellip;]<\/p>\n","protected":false},"author":2,"featured_media":0,"parent":0,"menu_order":0,"comment_status":"open","ping_status":"open","template":"page-templates\/front-page.php","meta":[],"_links":{"self":[{"href":"https:\/\/www.insport-ev.de\/index.php?rest_route=\/wp\/v2\/pages\/38"}],"collection":[{"href":"https:\/\/www.insport-ev.de\/index.php?rest_route=\/wp\/v2\/pages"}],"about":[{"href":"https:\/\/www.insport-ev.de\/index.php?rest_route=\/wp\/v2\/types\/page"}],"author":[{"embeddable":true,"href":"https:\/\/www.insport-ev.de\/index.php?rest_route=\/wp\/v2\/users\/2"}],"replies":[{"embeddable":true,"href":"https:\/\/www.insport-ev.de\/index.php?rest_route=%2Fwp%2Fv2%2Fcomments&post=38"}],"version-history":[{"count":6,"href":"https:\/\/www.insport-ev.de\/index.php?rest_route=\/wp\/v2\/pages\/38\/revisions"}],"predecessor-version":[{"id":286,"href":"https:\/\/www.insport-ev.de\/index.php?rest_route=\/wp\/v2\/pages\/38\/revisions\/286"}],"wp:attachment":[{"href":"https:\/\/www.insport-ev.de\/index.php?rest_route=%2Fwp%2Fv2%2Fmedia&parent=38"}],"curies":[{"name":"wp","href":"https:\/\/api.w.org\/{rel}","templated":true}]}}