{"id":35,"date":"2015-02-22T08:54:50","date_gmt":"2015-02-22T07:54:50","guid":{"rendered":"http:\/\/www.insport-ev.de\/?page_id=35"},"modified":"2020-06-17T14:48:09","modified_gmt":"2020-06-17T12:48:09","slug":"datenschutz","status":"publish","type":"page","link":"https:\/\/www.insport-ev.de\/?page_id=35","title":{"rendered":"Datenschutz"},"content":{"rendered":"<div class=\"entry-content clearfix\">\n<h2>1. Datenschutzerkl\u00e4rung<\/h2>\n<p>Wir freuen uns \u00fcber Ihren Besuch auf unseren Webseiten. Nachfolgend m\u00f6chten wir Sie \u00fcber den Umgang mit Ihren Daten gem. Art. 13 Datenschutzgrundverordnung (DSGVO) informieren.<\/p>\n<p><strong>Verantwortlicher<\/strong><br \/>\nVerantwortlich f\u00fcr die nachfolgend dargestellte Datenerhebung und Verarbeitung ist die im Impressum genannte Stelle.<\/p>\n<p><strong>Nutzungsdaten<\/strong><br \/>\nWenn Sie unsere Webseiten besuchen, werden auf unserem Webserver tempor\u00e4r sogenannte Nutzungsdaten zu statistischen Zwecken als Protokoll gespeichert, um die Qualit\u00e4t unserer Webseiten zu verbessern. Dieser Datensatz besteht aus<br \/>\n\u2022 der Seite, von der aus die Datei angefordert wurde,<br \/>\n\u2022 dem Namen der Datei,<br \/>\n\u2022 dem Datum und der Uhrzeit der Abfrage,<br \/>\n\u2022 der \u00fcbertragenen Datenmenge,<br \/>\n\u2022 dem Zugriffsstatus (Datei \u00fcbertragen, Datei nicht gefunden),<br \/>\n\u2022 der Beschreibung des Typs des verwendeten Webbrowsers,<br \/>\n\u2022 der IP-Adresse des anfragenden Rechners, die so verk\u00fcrzt wird, dass ein Personenbezug nicht mehr herstellbar ist.<br \/>\nDie genannten Protokolldaten werden nur anonymisiert gespeichert.<\/p>\n<h2>2. Daten\u00fcbermittlung an Dritte<\/h2>\n<p>Wir \u00fcbermitteln Ihre personenbezogenen Daten nicht an Dritte.<\/p>\n<h2>3. Cookies<\/h2>\n<p>Auf unseren Webseiten nutzen wir Cookies. Cookies sind kleine Textdateien, die auf Ihrem Endger\u00e4t gespeichert und ausgelesen werden k\u00f6nnen. Man unterscheidet zwischen Session-Cookies, die wieder gel\u00f6scht werden, sobald Sie ihren Browser schlie\u00dfen und permanenten Cookies, die \u00fcber die einzelne Sitzung hinaus gespeichert werden. Cookies k\u00f6nnen Daten enthalten, die eine Wiedererkennung des genutzten Ger\u00e4ts m\u00f6glich machen. Teilweise enthalten Cookies aber auch lediglich Informationen zu bestimmten Einstellungen, die nicht personenbeziehbar sind.<br \/>\nWir nutzen auf unseren Webseiten Session-Cookies. Die Verarbeitung erfolgt auf Grundlage von Art. 6 Abs. 1 lit. f) DSGVO und in dem Interesse die Benutzerf\u00fchrung zu optimieren bzw. zu erm\u00f6glichen und die Darstellung unserer Webseite anzupassen.<br \/>\nSie k\u00f6nnen Ihren Browser so einstellen, dass er Sie \u00fcber die Platzierung von Cookies informiert. So wird der Gebrauch von Cookies f\u00fcr Sie transparent. Sie k\u00f6nnen Cookies zudem jederzeit \u00fcber die entsprechende Browsereinstellung l\u00f6schen und das Setzen neuer Cookies verhindern. Bitte beachten Sie, dass unsere Webseiten dann ggf. nicht optimal angezeigt werden und einige Funktionen technisch nicht mehr zur Verf\u00fcgung stehen.<\/p>\n<p>Sie k\u00f6nnen ferner bereits getroffene Entscheidungen \u00fcber das Annehmen von Cookies in unserem Cookie-Plugin \u00fcberpr\u00fcfen, und bereits getroffene Entscheidungen jederzeit widerrufen.<br \/>\nZum Betrachten\/\u00c4ndern Ihrer individuellen Cookie-Zustimmungseigenschaften (Opt-Out) rufen Sie bitte nachfolgenden Link auf:<\/p>\n<a href=\"#\" class=\"_brlbs-btn-cookie-preference borlabs-cookie-preference\">Cookie Einstellungen \u00e4ndern<\/a>\n<\/div>\n<div class=\"entry-content clearfix\">\n<h2>4. Social Media Plugins<\/h2>\n<p>Aus Gr\u00fcnden des Datenschutzes binden wir keine Social Plugins direkt in unseren Webauftritt ein. Wenn Sie unsere Seiten aufrufen, werden daher keine Daten an Social Media-Dienste, wie etwa Facebook, Twitter, LinkedIn oder Google+ \u00fcbermittelt. Eine Profilbildung durch Dritte ist somit ausgeschlossen.<\/p>\n<h2>5. Erl\u00e4uterungen der Sicherheitsma\u00dfnahmen<\/h2>\n<p><strong>Datensicherheit<\/strong><br \/>\nUm Ihre Daten vor unerw\u00fcnschten Zugriffen m\u00f6glichst umfassend zu sch\u00fctzen, treffen wir technische und organisatorische Ma\u00dfnahmen. Wir setzen auf unseren Seiten ein Verschl\u00fcsselungsverfahren ein. Ihre Angaben werden von Ihrem Rechner zu unserem Server und umgekehrt \u00fcber das Internet mittels einer TLS-Verschl\u00fcsselung \u00fcbertragen. Sie erkennen dies daran, dass in der Statusleiste Ihres Browsers das Schloss-Symbol geschlossen ist und die Adresszeile mit https:\/\/ beginnt.<\/p>\n<h2>6. Rechte des Nutzers<\/h2>\n<p><strong>Ihre Rechte als Nutzer<\/strong><br \/>\nBei Verarbeitung Ihrer personenbezogenen Daten gew\u00e4hrt die DSGVO Ihnen als Webseitennutzer bestimmte Rechte:<\/p>\n<p>1. Auskunftsrecht (Art. 15 DSGVO):<br \/>\nSie haben das Recht eine Best\u00e4tigung dar\u00fcber zu verlangen, ob sie betreffende personenbezogene Daten verarbeitet werden; ist dies der Fall, so haben Sie ein Recht auf Auskunft \u00fcber diese personenbezogenen Daten und auf die in Art. 15 DSGVO im einzelnen aufgef\u00fchrten Informationen.<\/p>\n<p>2. Recht auf Berichtigung und L\u00f6schung (Art. 16 und 17 DSGVO):<br \/>\nSie haben das Recht, unverz\u00fcglich die Berichtigung sie betreffender unrichtiger personenbezogener Daten und ggf. die Vervollst\u00e4ndigung unvollst\u00e4ndiger personenbezogener Daten zu verlangen.<br \/>\nSie haben zudem das Recht, zu verlangen, dass sie betreffende personenbezogene Daten unverz\u00fcglich gel\u00f6scht werden, sofern einer der in Art. 17 DSGVO im einzelnen aufgef\u00fchrten Gr\u00fcnde zutrifft, z. B. wenn die Daten f\u00fcr die verfolgten Zwecke nicht mehr ben\u00f6tigt werden.<\/p>\n<p>3. Recht auf Einschr\u00e4nkung der Verarbeitung (Art. 18 DSGVO):<br \/>\nSie haben das Recht, die Einschr\u00e4nkung der Verarbeitung zu verlangen, wenn eine der in Art. 18 DSGVO aufgef\u00fchrten Voraussetzungen gegeben ist, z. B. wenn Sie Widerspruch gegen die Verarbeitung eingelegt haben, f\u00fcr die Dauer einer etwaigen Pr\u00fcfung.<\/p>\n<p>4. Recht auf Daten\u00fcbertragbarkeit (Art. 20 DSGVO):<br \/>\nIn bestimmten F\u00e4llen, die in Art. 20 DSGVO im Einzelnen aufgef\u00fchrt werden, haben Sie das Recht, die sie betreffenden personenbezogenen Daten in einem strukturierten, g\u00e4ngigen und maschinenlesbaren Format zu erhalten bzw. die \u00dcbermittlung dieser Daten an einen Dritten zu verlangen.<\/p>\n<p>5. Widerspruchsrecht (Art. 21 DSGVO):<br \/>\nWerden Daten auf Grundlage von Art. 6 Abs. 1 lit. f) erhoben (Datenverarbeitung zur Wahrung berechtigter Interessen), steht Ihnen das Recht zu, aus Gr\u00fcnden, die sich aus Ihrer besonderen Situation ergeben, jederzeit gegen die Verarbeitung Widerspruch einzulegen. Wir verarbeiten die personenbezogenen Daten dann nicht mehr, es sei denn, es liegen nachweisbar zwingende schutzw\u00fcrdige Gr\u00fcnde f\u00fcr die Verarbeitung vor, die die Interessen, Rechte und Freiheiten der betroffenen Person \u00fcberwiegen, oder die Verarbeitung dient der Geltendmachung, Aus\u00fcbung oder Verteidigung von Rechtsanspr\u00fcchen.<\/p>\n<p>6. Beschwerderecht bei einer Aufsichtsbeh\u00f6rde<br \/>\nSie haben gem. Art. 77 DSGVO das Recht auf Beschwerde bei einer Aufsichtsbeh\u00f6rde, wenn Sie der Ansicht sind, dass die Verarbeitung der Sie betreffenden Daten gegen datenschutzrechtliche Bestimmungen verst\u00f6\u00dft. Das Beschwerderecht kann insbesondere bei einer Aufsichtsbeh\u00f6rde in dem Mitgliedstaat Ihres Aufenthaltsorts, Ihres Arbeitsplatzes oder des Orts des mutma\u00dflichen Versto\u00dfes geltend gemacht werden.<\/p>\n<h2>7. Kontaktdaten Datenschutzbeauftragter<\/h2>\n<p>Unser betrieblicher Datenschutzbeauftragter steht Ihnen gerne f\u00fcr Ausk\u00fcnfte oder Anregungen zum Thema Datenschutz zur Verf\u00fcgung:<\/p>\n<p>Dr. iur. Christian Borchers<br \/>\ndatenschutz s\u00fcd GmbH<br \/>\nWeb: www.datenschutz-nord-guppe.de<br \/>\nE-Mail: office@datenschutz-sued.de<br \/>\nTelefon: +49 (0) 931 \u2013 30 49 76 0<\/p>\n<\/div>\n","protected":false},"excerpt":{"rendered":"<p>1. Datenschutzerkl\u00e4rung Wir freuen uns \u00fcber Ihren Besuch auf unseren Webseiten. Nachfolgend m\u00f6chten wir Sie \u00fcber den Umgang mit Ihren Daten gem. Art. 13 Datenschutzgrundverordnung (DSGVO) informieren. Verantwortlicher Verantwortlich f\u00fcr die nachfolgend dargestellte Datenerhebung und Verarbeitung ist die im Impressum genannte Stelle. Nutzungsdaten Wenn Sie unsere Webseiten besuchen, werden auf unserem Webserver tempor\u00e4r sogenannte Nutzungsdaten [&hellip;]<\/p>\n","protected":false},"author":2,"featured_media":0,"parent":0,"menu_order":0,"comment_status":"open","ping_status":"open","template":"page-templates\/front-page.php","meta":[],"_links":{"self":[{"href":"https:\/\/www.insport-ev.de\/index.php?rest_route=\/wp\/v2\/pages\/35"}],"collection":[{"href":"https:\/\/www.insport-ev.de\/index.php?rest_route=\/wp\/v2\/pages"}],"about":[{"href":"https:\/\/www.insport-ev.de\/index.php?rest_route=\/wp\/v2\/types\/page"}],"author":[{"embeddable":true,"href":"https:\/\/www.insport-ev.de\/index.php?rest_route=\/wp\/v2\/users\/2"}],"replies":[{"embeddable":true,"href":"https:\/\/www.insport-ev.de\/index.php?rest_route=%2Fwp%2Fv2%2Fcomments&post=35"}],"version-history":[{"count":7,"href":"https:\/\/www.insport-ev.de\/index.php?rest_route=\/wp\/v2\/pages\/35\/revisions"}],"predecessor-version":[{"id":366,"href":"https:\/\/www.insport-ev.de\/index.php?rest_route=\/wp\/v2\/pages\/35\/revisions\/366"}],"wp:attachment":[{"href":"https:\/\/www.insport-ev.de\/index.php?rest_route=%2Fwp%2Fv2%2Fmedia&parent=35"}],"curies":[{"name":"wp","href":"https:\/\/api.w.org\/{rel}","templated":true}]}}