{"id":26,"date":"2015-02-22T08:03:30","date_gmt":"2015-02-22T07:03:30","guid":{"rendered":"http:\/\/www.insport-ev.de\/?page_id=26"},"modified":"2017-12-15T09:42:13","modified_gmt":"2017-12-15T08:42:13","slug":"ueber-uns","status":"publish","type":"page","link":"https:\/\/www.insport-ev.de\/?page_id=26","title":{"rendered":"\u00dcber uns"},"content":{"rendered":"<h3 class=\"maintext\" style=\"text-align: left;\"><b> Was wollen wir?<\/b><\/h3>\n<p style=\"text-align: left;\">Wir wollen allen Menschen die Teilnahme am Sport erm\u00f6glichen, um die Gesundheit zu erhalten und die Lebensqualit\u00e4t zu erh\u00f6hen.<br \/>\nMenschen mit und ohne Behinderung nutzen die Sportangebote gemeinsam. Wir wollen ein St\u00fcck Inklusion verwirklichen, das hei\u00dft egal ob man behindert oder nicht behindert ist, nimmt man genauso gleichberechtigt am Leben in der Gemeinschaft teil.<br \/>\nDas Sportangebot richtet sich ganz nach den W\u00fcnschen und F\u00e4higkeiten der Mitglieder. Regionale Gruppen gibt es in W\u00fcrzburg, Ochsenfurt, Kitzingen, Gem\u00fcnden und Marktheidenfeld.<br \/>\nEs ist geplant, auch gemeinsame Sportveranstaltungen durchzuf\u00fchren wie z.B. Wandertreffs, Absolvieren von Sportabzeichen und Sportfesten.<\/p>\n<p><a href=\"https:\/\/www.insport-ev.de\/wp-content\/uploads\/2015\/08\/Cesenatico-15-001_1920.jpg\" rel=\"attachment wp-att-99\"><img loading=\"lazy\" class=\"aligncenter wp-image-99 size-large\" src=\"https:\/\/www.insport-ev.de\/wp-content\/uploads\/2015\/08\/Cesenatico-15-001_1920-1024x576.jpg\" alt=\"Cesenatico 15 001_1920\" width=\"987\" height=\"555\" srcset=\"https:\/\/www.insport-ev.de\/wp-content\/uploads\/2015\/08\/Cesenatico-15-001_1920-1024x576.jpg 1024w, https:\/\/www.insport-ev.de\/wp-content\/uploads\/2015\/08\/Cesenatico-15-001_1920-300x169.jpg 300w, https:\/\/www.insport-ev.de\/wp-content\/uploads\/2015\/08\/Cesenatico-15-001_1920-938x528.jpg 938w, https:\/\/www.insport-ev.de\/wp-content\/uploads\/2015\/08\/Cesenatico-15-001_1920-1309x736.jpg 1309w, https:\/\/www.insport-ev.de\/wp-content\/uploads\/2015\/08\/Cesenatico-15-001_1920.jpg 1920w\" sizes=\"(max-width: 987px) 100vw, 987px\" \/><\/a><\/p>\n","protected":false},"excerpt":{"rendered":"<p>Was wollen wir? Wir wollen allen Menschen die Teilnahme am Sport erm\u00f6glichen, um die Gesundheit zu erhalten und die Lebensqualit\u00e4t zu erh\u00f6hen. Menschen mit und ohne Behinderung nutzen die Sportangebote gemeinsam. Wir wollen ein St\u00fcck Inklusion verwirklichen, das hei\u00dft egal ob man behindert oder nicht behindert ist, nimmt man genauso gleichberechtigt am Leben in der [&hellip;]<\/p>\n","protected":false},"author":2,"featured_media":0,"parent":0,"menu_order":0,"comment_status":"open","ping_status":"open","template":"","meta":[],"_links":{"self":[{"href":"https:\/\/www.insport-ev.de\/index.php?rest_route=\/wp\/v2\/pages\/26"}],"collection":[{"href":"https:\/\/www.insport-ev.de\/index.php?rest_route=\/wp\/v2\/pages"}],"about":[{"href":"https:\/\/www.insport-ev.de\/index.php?rest_route=\/wp\/v2\/types\/page"}],"author":[{"embeddable":true,"href":"https:\/\/www.insport-ev.de\/index.php?rest_route=\/wp\/v2\/users\/2"}],"replies":[{"embeddable":true,"href":"https:\/\/www.insport-ev.de\/index.php?rest_route=%2Fwp%2Fv2%2Fcomments&post=26"}],"version-history":[{"count":5,"href":"https:\/\/www.insport-ev.de\/index.php?rest_route=\/wp\/v2\/pages\/26\/revisions"}],"predecessor-version":[{"id":287,"href":"https:\/\/www.insport-ev.de\/index.php?rest_route=\/wp\/v2\/pages\/26\/revisions\/287"}],"wp:attachment":[{"href":"https:\/\/www.insport-ev.de\/index.php?rest_route=%2Fwp%2Fv2%2Fmedia&parent=26"}],"curies":[{"name":"wp","href":"https:\/\/api.w.org\/{rel}","templated":true}]}}