{"id":2,"date":"2015-02-18T12:21:34","date_gmt":"2015-02-18T12:21:34","guid":{"rendered":"http:\/\/www.insport-ev.de\/?page_id=2"},"modified":"2017-12-15T09:35:59","modified_gmt":"2017-12-15T08:35:59","slug":"beispiel-seite","status":"publish","type":"page","link":"https:\/\/www.insport-ev.de\/","title":{"rendered":"InSport e.V."},"content":{"rendered":"<p class=\"maintext\" style=\"text-align: center;\" align=\"left\"><a href=\"https:\/\/www.insport-ev.de\/wp-content\/uploads\/2016\/05\/IMG_1204_web.jpg\" rel=\"attachment wp-att-168\"><img loading=\"lazy\" class=\"alignnone wp-image-168 size-large\" src=\"https:\/\/www.insport-ev.de\/wp-content\/uploads\/2016\/05\/IMG_1204_web-1024x765.jpg\" alt=\"IMG_1204_web\" width=\"987\" height=\"737\" srcset=\"https:\/\/www.insport-ev.de\/wp-content\/uploads\/2016\/05\/IMG_1204_web-1024x765.jpg 1024w, https:\/\/www.insport-ev.de\/wp-content\/uploads\/2016\/05\/IMG_1204_web-300x224.jpg 300w, https:\/\/www.insport-ev.de\/wp-content\/uploads\/2016\/05\/IMG_1204_web-768x574.jpg 768w, https:\/\/www.insport-ev.de\/wp-content\/uploads\/2016\/05\/IMG_1204_web-938x701.jpg 938w, https:\/\/www.insport-ev.de\/wp-content\/uploads\/2016\/05\/IMG_1204_web-1309x978.jpg 1309w\" sizes=\"(max-width: 987px) 100vw, 987px\" \/><\/a><\/p>\n<h2 class=\"maintext\" style=\"text-align: center;\" align=\"left\"><strong><span style=\"color: #000080;\">Sie wollen dauerhaft etwas f\u00fcr Ihre Gesundheit und Ihr Wohlbefinden tun?<\/span><\/strong><br \/>\n<strong> <span style=\"color: #000080;\"> Sie wollen in einer geselligen Gruppe Sport treiben?<\/span><\/strong><br \/>\n<strong> <span style=\"color: #000080;\"> Sie wollen Fitness mit Spa\u00df und Gemeinschaft verbinden?<\/span><\/strong><br \/>\n<strong> <span style=\"color: #000080;\"> Sie wollen in Ihrer Freizeit aktiv sein?<\/span><\/strong><\/h2>\n<p>&nbsp;<\/p>\n<h4 style=\"text-align: center;\"><span style=\"color: #000080;\">\u00a0<strong>Dann sind Sie bei uns genau richtig!<\/strong><\/span><\/h4>\n<p>&nbsp;<\/p>\n<p class=\"maintext\" style=\"text-align: center;\">InSport e.V.<br \/>\nMainfr\u00e4nkische Werkst\u00e4tten<br \/>\nOhmstra\u00dfe 13<br \/>\n97076 W\u00fcrzburg<\/p>\n","protected":false},"excerpt":{"rendered":"<p>Sie wollen dauerhaft etwas f\u00fcr Ihre Gesundheit und Ihr Wohlbefinden tun? Sie wollen in einer geselligen Gruppe Sport treiben? Sie wollen Fitness mit Spa\u00df und Gemeinschaft verbinden? Sie wollen in Ihrer Freizeit aktiv sein? &nbsp; \u00a0Dann sind Sie bei uns genau richtig! &nbsp; InSport e.V. Mainfr\u00e4nkische Werkst\u00e4tten Ohmstra\u00dfe 13 97076 W\u00fcrzburg<\/p>\n","protected":false},"author":7,"featured_media":0,"parent":0,"menu_order":0,"comment_status":"open","ping_status":"open","template":"page-templates\/full-width-wide.php","meta":[],"_links":{"self":[{"href":"https:\/\/www.insport-ev.de\/index.php?rest_route=\/wp\/v2\/pages\/2"}],"collection":[{"href":"https:\/\/www.insport-ev.de\/index.php?rest_route=\/wp\/v2\/pages"}],"about":[{"href":"https:\/\/www.insport-ev.de\/index.php?rest_route=\/wp\/v2\/types\/page"}],"author":[{"embeddable":true,"href":"https:\/\/www.insport-ev.de\/index.php?rest_route=\/wp\/v2\/users\/7"}],"replies":[{"embeddable":true,"href":"https:\/\/www.insport-ev.de\/index.php?rest_route=%2Fwp%2Fv2%2Fcomments&post=2"}],"version-history":[{"count":14,"href":"https:\/\/www.insport-ev.de\/index.php?rest_route=\/wp\/v2\/pages\/2\/revisions"}],"predecessor-version":[{"id":284,"href":"https:\/\/www.insport-ev.de\/index.php?rest_route=\/wp\/v2\/pages\/2\/revisions\/284"}],"wp:attachment":[{"href":"https:\/\/www.insport-ev.de\/index.php?rest_route=%2Fwp%2Fv2%2Fmedia&parent=2"}],"curies":[{"name":"wp","href":"https:\/\/api.w.org\/{rel}","templated":true}]}}